{"id":4491,"date":"2025-02-04T10:39:04","date_gmt":"2025-02-04T10:39:04","guid":{"rendered":"https:\/\/www.artsoulgroup.com\/portoas1829hotel\/?page_id=4491"},"modified":"2026-03-11T11:03:06","modified_gmt":"2026-03-11T11:03:06","slug":"questionario-pos-estadia","status":"publish","type":"page","link":"https:\/\/www.artsoulgroup.com\/portoas1829hotel\/questionario-pos-estadia\/","title":{"rendered":"Question\u00e1rio P\u00f3s-Estadia"},"content":{"rendered":"\t\t<div data-elementor-type=\"wp-page\" data-elementor-id=\"4491\" class=\"elementor elementor-4491\">\n\t\t\t\t\t\t<section class=\"elementor-section elementor-top-section elementor-element elementor-element-ee91e35 elementor-section-full_width elementor-section-gap-beside-yes elementor-section-height-default elementor-section-height-default elementor-section-column-vertical-align-stretch exad-glass-effect-no exad-sticky-section-no\" data-id=\"ee91e35\" data-element_type=\"section\" data-e-type=\"section\">\n\t\t\t\t\t\t<div class=\"elementor-container elementor-column-gap-extended\">\n\t\t\t\t\t<div class=\"elementor-column elementor-col-100 elementor-top-column elementor-element elementor-element-9dbc324 exad-glass-effect-no exad-sticky-section-no\" data-id=\"9dbc324\" data-element_type=\"column\" data-e-type=\"column\">\n\t\t\t<div class=\"elementor-widget-wrap elementor-element-populated\">\n\t\t\t\t\t\t<div class=\"elementor-element elementor-element-5438853 exad-sticky-section-no exad-glass-effect-no elementor-widget elementor-widget-html\" data-id=\"5438853\" data-element_type=\"widget\" data-e-type=\"widget\" data-widget_type=\"html.default\">\n\t\t\t\t<div class=\"elementor-widget-container\">\n\t\t\t\t\t\n    <iframe\n      id=\"JotFormIFrame-202584640258356\"\n      title=\"Question\u00e1rio de Satisfa\u00e7\u00e3o P\u00f3s-Estadia - AS1829\"\n      onload=\"window.parent.scrollTo(0,0)\"\n      allowtransparency=\"true\"\n      allow=\"geolocation; microphone; camera; fullscreen; payment\"\n      src=\"https:\/\/form.jotform.com\/ArtSoulGroup\/questionario-pos-estadia-as1829\"\n      frameborder=\"0\"\n      style=\"min-width:100%;max-width:100%;height:1539px;border:none;\"\n      scrolling=\"no\"\n    >\n    <\/iframe>\n    <script src='https:\/\/cdn.jotfor.ms\/s\/umd\/latest\/for-form-embed-handler.js'><\/script>\n    <script>window.jotformEmbedHandler(\"iframe[id='JotFormIFrame-202584640258356']\", \"https:\/\/form.jotform.com\/\")<\/script>\n    \t\t\t\t<\/div>\n\t\t\t\t<\/div>\n\t\t\t\t\t<\/div>\n\t\t<\/div>\n\t\t\t\t\t<\/div>\n\t\t<\/section>\n\t\t\t\t<\/div>\n\t\t","protected":false},"excerpt":{"rendered":"","protected":false},"author":1,"featured_media":0,"parent":0,"menu_order":0,"comment_status":"closed","ping_status":"closed","template":"elementor_header_footer","meta":{"footnotes":""},"class_list":["post-4491","page","type-page","status-publish","hentry","post-no-thumbnail"],"yoast_head":"<!-- This site is optimized with the Yoast SEO plugin v27.4 - https:\/\/yoast.com\/product\/yoast-seo-wordpress\/ -->\n<title>Question\u00e1rio P\u00f3s-Estadia - Porto A.S.1829 Hotel<\/title>\n<meta name=\"robots\" content=\"index, follow, max-snippet:-1, max-image-preview:large, max-video-preview:-1\" \/>\n<link rel=\"canonical\" href=\"https:\/\/www.artsoulgroup.com\/portoas1829hotel\/questionario-pos-estadia\/\" \/>\n<meta property=\"og:locale\" content=\"pt_PT\" \/>\n<meta property=\"og:type\" content=\"article\" \/>\n<meta property=\"og:title\" content=\"Question\u00e1rio P\u00f3s-Estadia - Porto A.S.1829 Hotel\" \/>\n<meta property=\"og:url\" content=\"https:\/\/www.artsoulgroup.com\/portoas1829hotel\/questionario-pos-estadia\/\" \/>\n<meta property=\"og:site_name\" content=\"Porto A.S.1829 Hotel\" \/>\n<meta property=\"article:modified_time\" content=\"2026-03-11T11:03:06+00:00\" \/>\n<meta name=\"twitter:card\" content=\"summary_large_image\" \/>\n<script type=\"application\/ld+json\" class=\"yoast-schema-graph\">{\"@context\":\"https:\\\/\\\/schema.org\",\"@graph\":[{\"@type\":\"WebPage\",\"@id\":\"https:\\\/\\\/www.artsoulgroup.com\\\/portoas1829hotel\\\/questionario-pos-estadia\\\/\",\"url\":\"https:\\\/\\\/www.artsoulgroup.com\\\/portoas1829hotel\\\/questionario-pos-estadia\\\/\",\"name\":\"Question\u00e1rio P\u00f3s-Estadia - Porto A.S.1829 Hotel\",\"isPartOf\":{\"@id\":\"https:\\\/\\\/www.artsoulgroup.com\\\/portoas1829hotel\\\/#website\"},\"datePublished\":\"2025-02-04T10:39:04+00:00\",\"dateModified\":\"2026-03-11T11:03:06+00:00\",\"breadcrumb\":{\"@id\":\"https:\\\/\\\/www.artsoulgroup.com\\\/portoas1829hotel\\\/questionario-pos-estadia\\\/#breadcrumb\"},\"inLanguage\":\"pt-PT\",\"potentialAction\":[{\"@type\":\"ReadAction\",\"target\":[\"https:\\\/\\\/www.artsoulgroup.com\\\/portoas1829hotel\\\/questionario-pos-estadia\\\/\"]}]},{\"@type\":\"BreadcrumbList\",\"@id\":\"https:\\\/\\\/www.artsoulgroup.com\\\/portoas1829hotel\\\/questionario-pos-estadia\\\/#breadcrumb\",\"itemListElement\":[{\"@type\":\"ListItem\",\"position\":1,\"name\":\"In\u00edcio\",\"item\":\"https:\\\/\\\/www.artsoulgroup.com\\\/portoas1829hotel\\\/\"},{\"@type\":\"ListItem\",\"position\":2,\"name\":\"Question\u00e1rio P\u00f3s-Estadia\"}]},{\"@type\":\"WebSite\",\"@id\":\"https:\\\/\\\/www.artsoulgroup.com\\\/portoas1829hotel\\\/#website\",\"url\":\"https:\\\/\\\/www.artsoulgroup.com\\\/portoas1829hotel\\\/\",\"name\":\"Porto A.S.1829 Hotel\",\"description\":\"Boutique Hotel no centro do Porto\",\"potentialAction\":[{\"@type\":\"SearchAction\",\"target\":{\"@type\":\"EntryPoint\",\"urlTemplate\":\"https:\\\/\\\/www.artsoulgroup.com\\\/portoas1829hotel\\\/?s={search_term_string}\"},\"query-input\":{\"@type\":\"PropertyValueSpecification\",\"valueRequired\":true,\"valueName\":\"search_term_string\"}}],\"inLanguage\":\"pt-PT\"}]}<\/script>\n<!-- \/ Yoast SEO plugin. -->","yoast_head_json":{"title":"Question\u00e1rio P\u00f3s-Estadia - Porto A.S.1829 Hotel","robots":{"index":"index","follow":"follow","max-snippet":"max-snippet:-1","max-image-preview":"max-image-preview:large","max-video-preview":"max-video-preview:-1"},"canonical":"https:\/\/www.artsoulgroup.com\/portoas1829hotel\/questionario-pos-estadia\/","og_locale":"pt_PT","og_type":"article","og_title":"Question\u00e1rio P\u00f3s-Estadia - Porto A.S.1829 Hotel","og_url":"https:\/\/www.artsoulgroup.com\/portoas1829hotel\/questionario-pos-estadia\/","og_site_name":"Porto A.S.1829 Hotel","article_modified_time":"2026-03-11T11:03:06+00:00","twitter_card":"summary_large_image","schema":{"@context":"https:\/\/schema.org","@graph":[{"@type":"WebPage","@id":"https:\/\/www.artsoulgroup.com\/portoas1829hotel\/questionario-pos-estadia\/","url":"https:\/\/www.artsoulgroup.com\/portoas1829hotel\/questionario-pos-estadia\/","name":"Question\u00e1rio P\u00f3s-Estadia - Porto A.S.1829 Hotel","isPartOf":{"@id":"https:\/\/www.artsoulgroup.com\/portoas1829hotel\/#website"},"datePublished":"2025-02-04T10:39:04+00:00","dateModified":"2026-03-11T11:03:06+00:00","breadcrumb":{"@id":"https:\/\/www.artsoulgroup.com\/portoas1829hotel\/questionario-pos-estadia\/#breadcrumb"},"inLanguage":"pt-PT","potentialAction":[{"@type":"ReadAction","target":["https:\/\/www.artsoulgroup.com\/portoas1829hotel\/questionario-pos-estadia\/"]}]},{"@type":"BreadcrumbList","@id":"https:\/\/www.artsoulgroup.com\/portoas1829hotel\/questionario-pos-estadia\/#breadcrumb","itemListElement":[{"@type":"ListItem","position":1,"name":"In\u00edcio","item":"https:\/\/www.artsoulgroup.com\/portoas1829hotel\/"},{"@type":"ListItem","position":2,"name":"Question\u00e1rio P\u00f3s-Estadia"}]},{"@type":"WebSite","@id":"https:\/\/www.artsoulgroup.com\/portoas1829hotel\/#website","url":"https:\/\/www.artsoulgroup.com\/portoas1829hotel\/","name":"Porto A.S.1829 Hotel","description":"Boutique Hotel no centro do Porto","potentialAction":[{"@type":"SearchAction","target":{"@type":"EntryPoint","urlTemplate":"https:\/\/www.artsoulgroup.com\/portoas1829hotel\/?s={search_term_string}"},"query-input":{"@type":"PropertyValueSpecification","valueRequired":true,"valueName":"search_term_string"}}],"inLanguage":"pt-PT"}]}},"_links":{"self":[{"href":"https:\/\/www.artsoulgroup.com\/portoas1829hotel\/wp-json\/wp\/v2\/pages\/4491","targetHints":{"allow":["GET"]}}],"collection":[{"href":"https:\/\/www.artsoulgroup.com\/portoas1829hotel\/wp-json\/wp\/v2\/pages"}],"about":[{"href":"https:\/\/www.artsoulgroup.com\/portoas1829hotel\/wp-json\/wp\/v2\/types\/page"}],"author":[{"embeddable":true,"href":"https:\/\/www.artsoulgroup.com\/portoas1829hotel\/wp-json\/wp\/v2\/users\/1"}],"replies":[{"embeddable":true,"href":"https:\/\/www.artsoulgroup.com\/portoas1829hotel\/wp-json\/wp\/v2\/comments?post=4491"}],"version-history":[{"count":3,"href":"https:\/\/www.artsoulgroup.com\/portoas1829hotel\/wp-json\/wp\/v2\/pages\/4491\/revisions"}],"predecessor-version":[{"id":6393,"href":"https:\/\/www.artsoulgroup.com\/portoas1829hotel\/wp-json\/wp\/v2\/pages\/4491\/revisions\/6393"}],"wp:attachment":[{"href":"https:\/\/www.artsoulgroup.com\/portoas1829hotel\/wp-json\/wp\/v2\/media?parent=4491"}],"curies":[{"name":"wp","href":"https:\/\/api.w.org\/{rel}","templated":true}]}}